{"id":4082,"date":"2025-05-26T13:33:20","date_gmt":"2025-05-26T06:33:20","guid":{"rendered":"https:\/\/samedu.vn\/?page_id=4082"},"modified":"2025-05-27T16:58:04","modified_gmt":"2025-05-27T09:58:04","slug":"tuyen-dung","status":"publish","type":"page","link":"https:\/\/samedu.vn\/index.php\/tuyen-dung\/","title":{"rendered":"TUY\u1ec2N D\u1ee4NG"},"content":{"rendered":"\t\t<div data-elementor-type=\"wp-page\" data-elementor-id=\"4082\" class=\"elementor elementor-4082\">\n\t\t\t\t<div class=\"elementor-element elementor-element-5fde7404 e-flex e-con-boxed e-con e-parent\" data-id=\"5fde7404\" data-element_type=\"container\">\n\t\t\t\t\t<div class=\"e-con-inner\">\n\t\t\t\t<div class=\"elementor-element elementor-element-748528a2 elementor-widget elementor-widget-text-editor\" data-id=\"748528a2\" data-element_type=\"widget\" data-widget_type=\"text-editor.default\">\n\t\t\t\t<div class=\"elementor-widget-container\"><p style=\"text-align: left;\">Ch\u00fang t\u00f4i t\u00ecm \u0111\u1ed3ng \u0111\u1ed9i<\/p>\n<ul>\n<li>S\u1ed1 l\u01b0\u1ee3ng: 02<\/li>\n<li>Chuy\u00ean ng\u00e0nh: \u0111\u00e0o t\u1ea1o k\u1ef9 n\u0103ng s\u1ed1ng\/ GVMN\/ GVGD\u0110B\/T\u00e2m l\u00fd\/ CTXH<\/li>\n<li>L\u01b0\u01a1ng: th\u1ecfa thu\u1eadn<\/li>\n<li>Ch\u1ebf \u0111\u1ed9: BH theo lu\u1eadt lao \u0111\u1ed9ng, khen th\u01b0\u1edfng, l\u01b0\u01a1ng th\u00e1ng 13++, team building h\u1eb1ng n\u0103m, th\u00e2m ni\u00ean,\u2026.<\/li>\n<\/ul>\n<p>Y\u00eau ngh\u1ec1 v\u00e0 nhi\u1ec7t huy\u1ebft<br \/>Ch\u00fang t\u00f4i kh\u00f4ng t\u00ecm nh\u00e2n vi\u00ean, ch\u00fang t\u00f4i t\u00ecm b\u1ea1n \u0111\u1ed3ng h\u00e0nh!<\/p><\/div>\n\t\t\t\t<\/div>\n\t\t\t\t\t<\/div>\n\t\t\t\t<\/div>\n\t\t<div class=\"elementor-element elementor-element-630d28d e-flex e-con-boxed e-con e-parent\" data-id=\"630d28d\" data-element_type=\"container\" data-settings=\"{&quot;background_background&quot;:&quot;classic&quot;}\">\n\t\t\t\t\t<div class=\"e-con-inner\">\n\t\t\t\t<div class=\"elementor-element elementor-element-676bb93 elementor-widget elementor-widget-heading\" data-id=\"676bb93\" data-element_type=\"widget\" data-widget_type=\"heading.default\">\n\t\t\t\t<div class=\"elementor-widget-container\">\n\t\t\t\t\t<h2 class=\"elementor-heading-title elementor-size-default\">Form \u1ee9ng tuy\u1ec3n<\/h2>\t\t\t\t<\/div>\n\t\t\t\t<\/div>\n\t\t\t\t<div class=\"elementor-element elementor-element-24d0d09 elementor-widget elementor-widget-text-editor\" data-id=\"24d0d09\" data-element_type=\"widget\" data-widget_type=\"text-editor.default\">\n\t\t\t\t<div class=\"elementor-widget-container\">\n\t\t\t\t\t\t\t\t\t\n<div class=\"wpcf7 no-js\" id=\"wpcf7-f4372-o1\" lang=\"vi\" dir=\"ltr\" data-wpcf7-id=\"4372\">\n<div class=\"screen-reader-response\"><p role=\"status\" aria-live=\"polite\" aria-atomic=\"true\"><\/p> <ul><\/ul><\/div>\n<form action=\"\/index.php\/wp-json\/wp\/v2\/pages\/4082#wpcf7-f4372-o1\" method=\"post\" class=\"wpcf7-form init\" aria-label=\"Form li\u00ean h\u1ec7\" novalidate=\"novalidate\" data-status=\"init\">\n<div style=\"display: none;\">\n<input type=\"hidden\" name=\"_wpcf7\" value=\"4372\" \/>\n<input type=\"hidden\" name=\"_wpcf7_version\" value=\"6.0.6\" \/>\n<input type=\"hidden\" name=\"_wpcf7_locale\" value=\"vi\" \/>\n<input type=\"hidden\" name=\"_wpcf7_unit_tag\" value=\"wpcf7-f4372-o1\" \/>\n<input type=\"hidden\" name=\"_wpcf7_container_post\" value=\"0\" \/>\n<input type=\"hidden\" name=\"_wpcf7_posted_data_hash\" value=\"\" \/>\n<\/div>\n<label> H\u1ecd t\u00ean \u1ee9ng vi\u00ean:\n<span class=\"wpcf7-form-control-wrap\" data-name=\"your-name\"><input size=\"40\" maxlength=\"400\" class=\"wpcf7-form-control wpcf7-text wpcf7-validates-as-required\" aria-required=\"true\" aria-invalid=\"false\" placeholder=\"Nh\u1eadp h\u1ecd t\u00ean\" value=\"\" type=\"text\" name=\"your-name\" \/><\/span> <\/label>\n\n<label> Ng\u00e0y th\u00e1ng n\u0103m sinh:\n<span class=\"wpcf7-form-control-wrap\" data-name=\"your-dob\"><input class=\"wpcf7-form-control wpcf7-date wpcf7-validates-as-required wpcf7-validates-as-date\" aria-required=\"true\" aria-invalid=\"false\" value=\"\" type=\"date\" name=\"your-dob\" \/><\/span> <\/label>\n\n<label> \u0110\u1ecba ch\u1ec9:\n<span class=\"wpcf7-form-control-wrap\" data-name=\"your-address\"><input size=\"40\" maxlength=\"400\" class=\"wpcf7-form-control wpcf7-text wpcf7-validates-as-required\" aria-required=\"true\" aria-invalid=\"false\" placeholder=\"Nh\u1eadp \u0111\u1ecba ch\u1ec9 hi\u1ec7n t\u1ea1i\" value=\"\" type=\"text\" name=\"your-address\" \/><\/span> <\/label>\n\n<label> Email:\n<span class=\"wpcf7-form-control-wrap\" data-name=\"your-email\"><input size=\"40\" maxlength=\"400\" class=\"wpcf7-form-control wpcf7-email wpcf7-validates-as-required wpcf7-text wpcf7-validates-as-email\" aria-required=\"true\" aria-invalid=\"false\" placeholder=\"example@gmail.com\" value=\"\" type=\"email\" name=\"your-email\" \/><\/span> <\/label>\n\n<label> S\u1ed1 \u0111i\u1ec7n tho\u1ea1i:\n<span class=\"wpcf7-form-control-wrap\" data-name=\"your-phone\"><input size=\"40\" maxlength=\"400\" class=\"wpcf7-form-control wpcf7-tel wpcf7-validates-as-required wpcf7-text wpcf7-validates-as-tel\" aria-required=\"true\" aria-invalid=\"false\" placeholder=\"Nh\u1eadp s\u1ed1 \u0111i\u1ec7n tho\u1ea1i\" value=\"\" type=\"tel\" name=\"your-phone\" \/><\/span> <\/label>\n\n<label> Ch\u1ee9c v\u1ee5 \u1ee9ng tuy\u1ec3n:\n<span class=\"wpcf7-form-control-wrap\" data-name=\"your-position\"><input size=\"40\" maxlength=\"400\" class=\"wpcf7-form-control wpcf7-text wpcf7-validates-as-required\" aria-required=\"true\" aria-invalid=\"false\" placeholder=\"V\u00ed d\u1ee5: Gi\u00e1o vi\u00ean, tr\u1ee3 gi\u1ea3ng...\" value=\"\" type=\"text\" name=\"your-position\" \/><\/span> <\/label>\n\n<label> B\u1eb1ng c\u1ea5p:\n<span class=\"wpcf7-form-control-wrap\" data-name=\"your-degree\"><textarea cols=\"40\" rows=\"10\" maxlength=\"2000\" class=\"wpcf7-form-control wpcf7-textarea\" aria-invalid=\"false\" placeholder=\"Nh\u1eadp b\u1eb1ng c\u1ea5p, chuy\u00ean m\u00f4n...\" name=\"your-degree\"><\/textarea><\/span> <\/label>\n\n<input class=\"wpcf7-form-control wpcf7-submit has-spinner\" type=\"submit\" value=\"\u1ee8ng tuy\u1ec3n ngay\" \/><p style=\"display: none !important;\" class=\"akismet-fields-container\" data-prefix=\"_wpcf7_ak_\"><label>&#916;<textarea name=\"_wpcf7_ak_hp_textarea\" cols=\"45\" rows=\"8\" maxlength=\"100\"><\/textarea><\/label><input type=\"hidden\" id=\"ak_js_1\" name=\"_wpcf7_ak_js\" value=\"235\"\/><script>document.getElementById( \"ak_js_1\" ).setAttribute( \"value\", ( new Date() ).getTime() );<\/script><\/p><div class=\"wpcf7-response-output\" aria-hidden=\"true\"><\/div>\n<\/form>\n<\/div>\n\t\t\t\t\t\t\t\t<\/div>\n\t\t\t\t<\/div>\n\t\t\t\t\t<\/div>\n\t\t\t\t<\/div>\t\t<\/div>\n\t\t","protected":false},"excerpt":{"rendered":"<p>Ch\u00fang t\u00f4i t\u00ecm \u0111\u1ed3ng \u0111\u1ed9i S\u1ed1 l\u01b0\u1ee3ng: 02 Chuy\u00ean ng\u00e0nh: \u0111\u00e0o t\u1ea1o k\u1ef9 n\u0103ng s\u1ed1ng\/ GVMN\/ GVGD\u0110B\/T\u00e2m l\u00fd\/ CTXH L\u01b0\u01a1ng: th\u1ecfa thu\u1eadn Ch\u1ebf \u0111\u1ed9: BH theo lu\u1eadt lao \u0111\u1ed9ng, khen th\u01b0\u1edfng, l\u01b0\u01a1ng th\u00e1ng 13++, team building h\u1eb1ng n\u0103m, th\u00e2m ni\u00ean,\u2026. Y\u00eau ngh\u1ec1 v\u00e0 nhi\u1ec7t huy\u1ebftCh\u00fang t\u00f4i kh\u00f4ng t\u00ecm nh\u00e2n vi\u00ean, ch\u00fang t\u00f4i t\u00ecm b\u1ea1n \u0111\u1ed3ng [&hellip;]<\/p>\n","protected":false},"author":1,"featured_media":0,"parent":0,"menu_order":0,"comment_status":"closed","ping_status":"closed","template":"","meta":{"footnotes":""},"class_list":["post-4082","page","type-page","status-publish","hentry"],"_links":{"self":[{"href":"https:\/\/samedu.vn\/index.php\/wp-json\/wp\/v2\/pages\/4082","targetHints":{"allow":["GET"]}}],"collection":[{"href":"https:\/\/samedu.vn\/index.php\/wp-json\/wp\/v2\/pages"}],"about":[{"href":"https:\/\/samedu.vn\/index.php\/wp-json\/wp\/v2\/types\/page"}],"author":[{"embeddable":true,"href":"https:\/\/samedu.vn\/index.php\/wp-json\/wp\/v2\/users\/1"}],"replies":[{"embeddable":true,"href":"https:\/\/samedu.vn\/index.php\/wp-json\/wp\/v2\/comments?post=4082"}],"version-history":[{"count":17,"href":"https:\/\/samedu.vn\/index.php\/wp-json\/wp\/v2\/pages\/4082\/revisions"}],"predecessor-version":[{"id":4382,"href":"https:\/\/samedu.vn\/index.php\/wp-json\/wp\/v2\/pages\/4082\/revisions\/4382"}],"wp:attachment":[{"href":"https:\/\/samedu.vn\/index.php\/wp-json\/wp\/v2\/media?parent=4082"}],"curies":[{"name":"wp","href":"https:\/\/api.w.org\/{rel}","templated":true}]}}